{"id":233,"date":"2021-08-12T23:52:25","date_gmt":"2021-08-13T02:52:25","guid":{"rendered":"https:\/\/joinport.com.br\/home\/?page_id=233"},"modified":"2021-10-27T21:38:49","modified_gmt":"2021-10-28T00:38:49","slug":"servicos","status":"publish","type":"page","link":"https:\/\/joinport.com.br\/home\/index.php\/servicos\/","title":{"rendered":"Servi\u00e7os"},"content":{"rendered":"\t\t<div data-elementor-type=\"wp-page\" data-elementor-id=\"233\" class=\"elementor elementor-233\" data-elementor-settings=\"[]\">\n\t\t\t\t\t\t\t<div class=\"elementor-section-wrap\">\n\t\t\t\t\t\t\t<section class=\"elementor-section elementor-top-section elementor-element elementor-element-69d30819 elementor-section-boxed elementor-section-height-default elementor-section-height-default\" data-id=\"69d30819\" data-element_type=\"section\">\n\t\t\t\t\t\t<div class=\"elementor-container elementor-column-gap-default\">\n\t\t\t\t\t<div class=\"elementor-column elementor-col-100 elementor-top-column elementor-element elementor-element-6ec461d3\" data-id=\"6ec461d3\" data-element_type=\"column\">\n\t\t\t<div class=\"elementor-widget-wrap elementor-element-populated\">\n\t\t\t\t\t\t\t\t<div class=\"elementor-element elementor-element-78d30835 elementor-widget elementor-widget-text-editor\" data-id=\"78d30835\" data-element_type=\"widget\" data-widget_type=\"text-editor.default\">\n\t\t\t\t<div class=\"elementor-widget-container\">\n\t\t\t\t\t\t\t<div id=\"features-10\" style=\"background-color: #ffffff;\" data-label=\"Features\" data-id=\"features-16-card-bordered\" data-export-id=\"features-16-card-bordered\" data-category=\"features\" class=\"features-16-card-bordered content-section content-section-spacing\">\n<div class=\"gridContainer\">\n<div class=\"row text-center\">\n<div class=\"section-title-col\" data-type=\"column\">\n<h2 class=\"\">Nosso Neg\u00f3cio<\/h2>\n<\/div>\n<\/div>\n<div class=\"row spaced-cols\" data-type=\"row\">\n<div class=\"col-xs-12 col-sm-6 col-md-4\">\n<div class=\"card no-padding bordered y-move\"><p> <img class=\"face\" src=\"https:\/\/joinport.com.br\/home\/wp-content\/uploads\/2021\/09\/v2-889343718.png\" title=\"v2-889343718\" alt=\"\"> <\/p>\n<div data-type=\"column\" class=\"col-padding-small col-padding-small-xs description-container\">\n<h4 class=\"font-500\">OUTSOURCING<\/h4>\n<p class=\"\">Desenvolvimento de produtos, embalagens e servi\u00e7os no exterior atrav\u00e9s da nossa rede de network internacional. Planejamento e organiza\u00e7\u00e3o de viagens internacionais \u201cin loco\u201d para visita\u00e7\u00e3o de fornecedores. Entendendo a sua necessidade, podemos oferecer servi\u00e7os customizados de acordo com o seu neg\u00f3cio.<\/p>\n<\/div>\n<div data-type=\"column\" class=\"col-padding-small col-padding-small-xs read-more-container\"><\/div>\n<\/div>\n<\/div>\n<div class=\"col-xs-12 col-sm-6 col-md-4\">\n<div class=\"card no-padding bordered y-move\"><p> <img class=\"face\" src=\"https:\/\/joinport.com.br\/home\/wp-content\/uploads\/2021\/09\/v2-494499960.png\" title=\"v2-494499960\" alt=\"\"> <\/p>\n<div data-type=\"column\" class=\"col-padding-small col-padding-small-xs description-container\">\n<h4 class=\"font-500\">TR\u00c2MITE IMPORTA\u00c7\u00c3O<\/h4>\n<p class=\"\">Estrutura\u00e7\u00e3o ou revis\u00e3o dos atuais processos de importa\u00e7\u00e3o buscando oportunidades de redu\u00e7\u00e3o de custos e mais agilidade para o seu neg\u00f3cio.<br>\n<br><br><br><br><br><\/p>\n<\/div>\n<div data-type=\"column\" class=\"col-padding-small col-padding-small-xs read-more-container\"><\/div>\n<\/div>\n<\/div>\n<div class=\"col-xs-12 col-sm-6 col-md-4\">\n<div class=\"card no-padding bordered y-move\"><p> <img class=\"face\" src=\"https:\/\/joinport.com.br\/home\/wp-content\/uploads\/2021\/09\/v2-637372676.png\" title=\"v2-637372676\" alt=\"\"> <\/p>\n<div data-type=\"column\" class=\"col-padding-small col-padding-small-xs description-container\">\n<h4 class=\"font-500\">DISTRIBUI\u00c7\u00c3O<\/h4>\n<p class=\"\">Comercializamos, no mercado nacional, nossos produtos de marca pr\u00f3pria: 100destinobikes.<br>Assim como desenvolvemos a nossa marca pr\u00f3pria, a Joinport pode dar assessoria necess\u00e1ria para desenvolvimento da sua marca pr\u00f3pria, fortalecendo mais o seu neg\u00f3cio.&nbsp;<\/p>\n<\/div>\n<div data-type=\"column\" class=\"col-padding-small col-padding-small-xs read-more-container\"><\/div>\n<\/div>\n<\/div>\n<\/div>\n<\/div>\n<\/div>\t\t\t\t\t\t<\/div>\n\t\t\t\t<\/div>\n\t\t\t\t\t<\/div>\n\t\t<\/div>\n\t\t\t\t\t\t\t<\/div>\n\t\t<\/section>\n\t\t\t\t\t\t<\/div>\n\t\t\t\t\t<\/div>\n\t\t","protected":false},"excerpt":{"rendered":"<p>Nosso Neg\u00f3cio OUTSOURCING Desenvolvimento de produtos, embalagens e servi\u00e7os no exterior atrav\u00e9s da nossa rede de network internacional. Planejamento e organiza\u00e7\u00e3o de viagens internacionais \u201cin loco\u201d para visita\u00e7\u00e3o de fornecedores. Entendendo a sua necessidade, podemos oferecer servi\u00e7os customizados de acordo com o seu neg\u00f3cio. TR\u00c2MITE IMPORTA\u00c7\u00c3O Estrutura\u00e7\u00e3o ou revis\u00e3o dos atuais processos de importa\u00e7\u00e3o buscando&hellip; <br \/> <a class=\"read-more\" href=\"https:\/\/joinport.com.br\/home\/index.php\/servicos\/\">Read more<\/a><\/p>\n","protected":false},"author":1,"featured_media":0,"parent":0,"menu_order":0,"comment_status":"closed","ping_status":"closed","template":"page-templates\/homepage.php","meta":{"om_disable_all_campaigns":false,"_monsterinsights_skip_tracking":false,"_monsterinsights_sitenote_active":false,"_monsterinsights_sitenote_note":"","_monsterinsights_sitenote_category":0},"_links":{"self":[{"href":"https:\/\/joinport.com.br\/home\/index.php\/wp-json\/wp\/v2\/pages\/233"}],"collection":[{"href":"https:\/\/joinport.com.br\/home\/index.php\/wp-json\/wp\/v2\/pages"}],"about":[{"href":"https:\/\/joinport.com.br\/home\/index.php\/wp-json\/wp\/v2\/types\/page"}],"author":[{"embeddable":true,"href":"https:\/\/joinport.com.br\/home\/index.php\/wp-json\/wp\/v2\/users\/1"}],"replies":[{"embeddable":true,"href":"https:\/\/joinport.com.br\/home\/index.php\/wp-json\/wp\/v2\/comments?post=233"}],"version-history":[{"count":20,"href":"https:\/\/joinport.com.br\/home\/index.php\/wp-json\/wp\/v2\/pages\/233\/revisions"}],"predecessor-version":[{"id":476,"href":"https:\/\/joinport.com.br\/home\/index.php\/wp-json\/wp\/v2\/pages\/233\/revisions\/476"}],"wp:attachment":[{"href":"https:\/\/joinport.com.br\/home\/index.php\/wp-json\/wp\/v2\/media?parent=233"}],"curies":[{"name":"wp","href":"https:\/\/api.w.org\/{rel}","templated":true}]}}